{"id":16580,"date":"2024-11-14T10:28:51","date_gmt":"2024-11-14T07:28:51","guid":{"rendered":"https:\/\/quasys.com.tr\/our-solutions\/devsecops\/"},"modified":"2025-12-01T13:49:10","modified_gmt":"2025-12-01T10:49:10","slug":"devsecops","status":"publish","type":"page","link":"https:\/\/quasys.com.tr\/en\/our-solutions\/devsecops\/","title":{"rendered":"DevSecOps"},"content":{"rendered":"\t\t<div data-elementor-type=\"wp-page\" data-elementor-id=\"16580\" class=\"elementor elementor-16580 elementor-14527\" data-elementor-post-type=\"page\">\n\t\t\t\t<div class=\"elementor-element elementor-element-bc115cd elementor-hidden-desktop elementor-hidden-tablet elementor-hidden-mobile e-flex e-con-boxed e-con e-parent\" data-id=\"bc115cd\" data-element_type=\"container\">\n\t\t\t\t\t<div class=\"e-con-inner\">\n\t\t\t\t<div class=\"elementor-element elementor-element-bef0da9 elementor-widget elementor-widget-heading\" data-id=\"bef0da9\" data-element_type=\"widget\" data-widget_type=\"heading.default\">\n\t\t\t\t<div class=\"elementor-widget-container\">\n\t\t\t<h2 class=\"elementor-heading-title elementor-size-default\">DevSecOps<\/h2>\t\t<\/div>\n\t\t\t\t<\/div>\n\t\t\t\t<div class=\"elementor-element elementor-element-cab8959 elementor-widget__width-initial elementor-widget-mobile__width-inherit elementor-widget elementor-widget-text-editor\" data-id=\"cab8959\" data-element_type=\"widget\" data-widget_type=\"text-editor.default\">\n\t\t\t\t<div class=\"elementor-widget-container\">\n\t\t\t\t\t\t\t<p>Kocaeli University Technopark has been a knowledge base at the heart of industry since 2004.<\/p>\t\t\t\t\t\t<\/div>\n\t\t\t\t<\/div>\n\t\t\t\t\t<\/div>\n\t\t\t\t<\/div>\n\t\t\r\n<script>\r\n\r\n\tjQuery( function( $ ) {\r\n\r\n\t\tvar timeout = 2000;\r\n\r\n\t\tsetTimeout(function() {\r\n\t\t\tif ( typeof particlesJS != \"undefined\" ) {\r\n\r\n\t\t\t\tparticlesJS(\"xtra_df01c41\", {\r\n\t\t\t\t  \"particles\": {\r\n\t\t\t\t\t\"number\": {\r\n\t\t\t\t\t  \"value\": 50\r\n\t\t\t\t\t},\r\n\t\t\t\t\t\"color\": {\r\n\t\t\t\t\t  \"value\": \"#02CFC9\"\r\n\t\t\t\t\t},\r\n\t\t\t\t\t\"shape\": {\r\n\t\t\t\t\t  \"type\": \"circle\",\r\n\t\t\t\t\t},\r\n\t\t\t\t\t\"line_linked\": {\r\n\t\t\t\t\t  \"enable\": true,\r\n\t\t\t\t\t  \"distance\": 10,\r\n\t\t\t\t\t  \"color\": \"#02CFC9\",\r\n\t\t\t\t\t  \"opacity\": 0.4,\r\n\t\t\t\t\t  \"width\": 1\r\n\t\t\t\t\t},\r\n\t\t\t\t\t\"opacity\": {\r\n\t\t\t\t\t  \"value\": 0.5,\r\n\t\t\t\t\t  \"random\": true,\r\n\t\t\t\t\t  \"anim\": {\r\n\t\t\t\t\t\t\"enable\": false,\r\n\t\t\t\t\t\t\"speed\": 1,\r\n\t\t\t\t\t\t\"opacity_min\": 0.1,\r\n\t\t\t\t\t\t\"sync\": false\r\n\t\t\t\t\t  }\r\n\t\t\t\t\t},\r\n\t\t\t\t\t\"size\": {\r\n\t\t\t\t\t  \"value\": 6,\r\n\t\t\t\t\t  \"random\": true,\r\n\t\t\t\t\t  \"anim\": {\r\n\t\t\t\t\t\t\"enable\": false,\r\n\t\t\t\t\t\t\"speed\": 40,\r\n\t\t\t\t\t\t\"size_min\": 0.1,\r\n\t\t\t\t\t\t\"sync\": false\r\n\t\t\t\t\t  }\r\n\t\t\t\t\t},\r\n\t\t\t\t\t\"move\": {\r\n\t\t\t\t\t  \"enable\": true,\r\n\t\t\t\t\t  \"speed\": 6,\r\n\t\t\t\t\t  \"direction\": \"none\",\r\n\t\t\t\t\t  \"random\": false,\r\n\t\t\t\t\t  \"straight\": false,\r\n\t\t\t\t\t  \"out_mode\": \"out\",\r\n\t\t\t\t\t  \"bounce\": false,\r\n\t\t\t\t\t  \"attract\": {\r\n\t\t\t\t\t\t\"enable\": false,\r\n\t\t\t\t\t\t\"rotateX\": 600,\r\n\t\t\t\t\t\t\"rotateY\": 1200\r\n\t\t\t\t\t  }\r\n\t\t\t\t\t}\r\n\t\t\t\t  },\r\n\t\t\t\t  \"interactivity\": {\r\n\t\t\t\t\t\"detect_on\": \"canvas\",\r\n\t\t\t\t\t\"events\": {\r\n\t\t\t\t\t  \"onhover\": {\r\n\t\t\t\t\t\t\"enable\": true,\r\n\t\t\t\t\t\t\"mode\": \"grab\"\r\n\t\t\t\t\t  },\r\n\t\t\t\t\t  \"onclick\": {\r\n\t\t\t\t\t\t\"enable\": true,\r\n\t\t\t\t\t\t\"mode\": \"push\"\r\n\t\t\t\t\t  },\r\n\t\t\t\t\t  \"resize\": true\r\n\t\t\t\t\t},\r\n\t\t\t\t\t\"modes\": {\r\n\t\t\t\t\t  \"grab\": {\r\n\t\t\t\t\t\t\"distance\": 100,\r\n\t\t\t\t\t\t\"line_linked\": {\r\n\t\t\t\t\t\t  \"opacity\": 1\r\n\t\t\t\t\t\t}\r\n\t\t\t\t\t  },\r\n\t\t\t\t\t  \"bubble\": {\r\n\t\t\t\t\t\t\"distance\": 400,\r\n\t\t\t\t\t\t\"size\": 40,\r\n\t\t\t\t\t\t\"duration\": 2,\r\n\t\t\t\t\t\t\"opacity\": 8,\r\n\t\t\t\t\t\t\"speed\": 3\r\n\t\t\t\t\t  },\r\n\t\t\t\t\t  \"repulse\": {\r\n\t\t\t\t\t\t\"distance\": 200,\r\n\t\t\t\t\t\t\"duration\": 0.4\r\n\t\t\t\t\t  },\r\n\t\t\t\t\t  \"push\": {\r\n\t\t\t\t\t\t\"particles_nb\": 4\r\n\t\t\t\t\t  },\r\n\t\t\t\t\t  \"remove\": {\r\n\t\t\t\t\t\t\"particles_nb\": 2\r\n\t\t\t\t\t  }\r\n\t\t\t\t\t}\r\n\t\t\t\t  },\r\n\t\t\t\t  \"retina_detect\": true\r\n\t\t\t\t});\r\n\t\t\t}\r\n\t\t}, timeout );\r\n\r\n\t});\r\n\r\n<\/script>\t\t<section id=\"xtra_df01c41\" class=\"cz-particles elementor-section elementor-top-section elementor-element elementor-element-df01c41 elementor-section-stretched elementor-hidden-desktop elementor-hidden-tablet elementor-hidden-mobile elementor-section-boxed elementor-section-height-default elementor-section-height-default\" data-id=\"df01c41\" data-element_type=\"section\" data-settings=\"{&quot;stretch_section&quot;:&quot;section-stretched&quot;,&quot;background_background&quot;:&quot;classic&quot;}\">\n\t\t\t\t\t\t<div class=\"elementor-container elementor-column-gap-default\">\n\t\t\t\t\t<div class=\"elementor-column elementor-col-100 elementor-top-column elementor-element elementor-element-ebd0b1f\" data-id=\"ebd0b1f\" data-element_type=\"column\">\n\t\t\t<div class=\"elementor-widget-wrap elementor-element-populated\">\n\t\t\t\t\t\t<div class=\"elementor-element elementor-element-d45e27c elementor-widget elementor-widget-spacer\" data-id=\"d45e27c\" data-element_type=\"widget\" data-widget_type=\"spacer.default\">\n\t\t\t\t<div class=\"elementor-widget-container\">\n\t\t\t\t\t<div class=\"elementor-spacer\">\n\t\t\t<div class=\"elementor-spacer-inner\"><\/div>\n\t\t<\/div>\n\t\t\t\t<\/div>\n\t\t\t\t<\/div>\n\t\t\t\t\t<\/div>\n\t\t<\/div>\n\t\t\t\t\t<\/div>\n\t\t<\/section>\n\t\t<div class=\"elementor-element elementor-element-ebe21ee e-flex e-con-boxed e-con e-parent\" data-id=\"ebe21ee\" data-element_type=\"container\">\n\t\t\t\t\t<div class=\"e-con-inner\">\n\t\t\t\t<div class=\"elementor-element elementor-element-1e15614 elementor-widget elementor-widget-eael-adv-accordion\" data-id=\"1e15614\" data-element_type=\"widget\" data-widget_type=\"eael-adv-accordion.default\">\n\t\t\t\t<div class=\"elementor-widget-container\">\n\t\t\t        <div class=\"eael-adv-accordion\" id=\"eael-adv-accordion-1e15614\" data-scroll-on-click=\"yes\" data-scroll-speed=\"300\" data-accordion-id=\"1e15614\" data-accordion-type=\"accordion\" data-toogle-speed=\"300\">\n    <div class=\"eael-accordion-list\">\n                <div id=\"devsecops\" class=\"elementor-tab-title eael-accordion-header active-default\" tabindex=\"0\" data-tab=\"1\" aria-controls=\"elementor-tab-content-3151\"><span class=\"eael-accordion-tab-title\">DevSecOps<\/span><i aria-hidden=\"true\" class=\"fa-toggle fas fa-angle-right\"><\/i><\/div><div id=\"elementor-tab-content-3151\" class=\"eael-accordion-content clearfix active-default\" data-tab=\"1\" aria-labelledby=\"devsecops\"><p>The DevSecOps Maturity Assessment service we offer at Quasys includes a comprehensive analysis process to evaluate our clients&#8217; DevSecOps maturity in all aspects and elevate it to the highest level. In this service, our expert team examines the end-to-end DevSecOps processes of the organization and thoroughly identifies the strengths and weaknesses of the existing structure. The assessment focuses on DevSecOps terminology, technical knowledge, and application skills to identify areas that will increase the client&#8217;s maturity level.  <\/p>\n<p>As a result of the analysis, recommendations are provided to ensure the alignment of security, development, and operations teams in the organization with DevSecOps principles. The roadmap created within this scope serves as a detailed guide that can be implemented step by step to accelerate internal transformation. Following the roadmap, critical points such as process improvements and technology integrations are addressed to establish the organization&#8217;s DevSecOps culture.  <\/p>\n<p>Additionally, specialized training and workshops are organized to enhance the knowledge and skills of teams, thereby making the transformation process sustainable. The DevSecOps Maturity Assessment not only addresses technical deficiencies but also creates the building blocks that will enable the organization to gain security, speed, and flexibility. This service is a strategic step towards building a secure DevOps environment aligned with business objectives. At Quasys, we help our clients achieve a competitive advantage in the industry while advancing their DevSecOps maturity to the highest level.   <\/p>\n<\/div>\n                <\/div><\/div>\t\t<\/div>\n\t\t\t\t<\/div>\n\t\t\t\t\t<\/div>\n\t\t\t\t<\/div>\n\t\t\t\t<\/div>\n\t\t","protected":false},"excerpt":{"rendered":"<p>Kocaeli University Technopark has been a knowledge base at the heart &#8230; <\/p>\n","protected":false},"author":1,"featured_media":0,"parent":16455,"menu_order":2,"comment_status":"closed","ping_status":"closed","template":"","meta":{"footnotes":""},"class_list":["post-16580","page","type-page","status-publish","hentry"],"yoast_head":"<!-- This site is optimized with the Yoast SEO plugin v25.0 - https:\/\/yoast.com\/wordpress\/plugins\/seo\/ -->\n<title>DevSecOps - Quasys Dijital Teknoloji \u00c7\u00f6z\u00fcmleri<\/title>\n<meta name=\"robots\" content=\"index, follow, max-snippet:-1, max-image-preview:large, max-video-preview:-1\" \/>\n<link rel=\"canonical\" href=\"https:\/\/quasys.com.tr\/en\/our-solutions\/devsecops\/\" \/>\n<meta property=\"og:locale\" content=\"en_US\" \/>\n<meta property=\"og:type\" content=\"article\" \/>\n<meta property=\"og:title\" content=\"DevSecOps - Quasys Dijital Teknoloji \u00c7\u00f6z\u00fcmleri\" \/>\n<meta property=\"og:description\" content=\"Kocaeli University Technopark has been a knowledge base at the heart ...\" \/>\n<meta property=\"og:url\" content=\"https:\/\/quasys.com.tr\/en\/our-solutions\/devsecops\/\" \/>\n<meta property=\"og:site_name\" content=\"Quasys Dijital Teknoloji \u00c7\u00f6z\u00fcmleri\" \/>\n<meta property=\"article:modified_time\" content=\"2025-12-01T10:49:10+00:00\" \/>\n<meta name=\"twitter:card\" content=\"summary_large_image\" \/>\n<meta name=\"twitter:label1\" content=\"Est. reading time\" \/>\n\t<meta name=\"twitter:data1\" content=\"1 minute\" \/>\n<script type=\"application\/ld+json\" class=\"yoast-schema-graph\">{\"@context\":\"https:\/\/schema.org\",\"@graph\":[{\"@type\":\"WebPage\",\"@id\":\"https:\/\/quasys.com.tr\/en\/our-solutions\/devsecops\/\",\"url\":\"https:\/\/quasys.com.tr\/en\/our-solutions\/devsecops\/\",\"name\":\"DevSecOps - Quasys Dijital Teknoloji \u00c7\u00f6z\u00fcmleri\",\"isPartOf\":{\"@id\":\"https:\/\/www.quasys.az\/en\/#website\"},\"datePublished\":\"2024-11-14T07:28:51+00:00\",\"dateModified\":\"2025-12-01T10:49:10+00:00\",\"breadcrumb\":{\"@id\":\"https:\/\/quasys.com.tr\/en\/our-solutions\/devsecops\/#breadcrumb\"},\"inLanguage\":\"en-US\",\"potentialAction\":[{\"@type\":\"ReadAction\",\"target\":[\"https:\/\/quasys.com.tr\/en\/our-solutions\/devsecops\/\"]}]},{\"@type\":\"BreadcrumbList\",\"@id\":\"https:\/\/quasys.com.tr\/en\/our-solutions\/devsecops\/#breadcrumb\",\"itemListElement\":[{\"@type\":\"ListItem\",\"position\":1,\"name\":\"Anasayfa\",\"item\":\"https:\/\/quasys.az\/en\/\"},{\"@type\":\"ListItem\",\"position\":2,\"name\":\"Our Solutions\",\"item\":\"https:\/\/quasysdx.com\/en\/our-solutions\/\"},{\"@type\":\"ListItem\",\"position\":3,\"name\":\"DevSecOps\"}]},{\"@type\":\"WebSite\",\"@id\":\"https:\/\/www.quasys.az\/en\/#website\",\"url\":\"https:\/\/www.quasys.az\/en\/\",\"name\":\"Quasys\",\"description\":\"\",\"publisher\":{\"@id\":\"https:\/\/www.quasys.az\/en\/#organization\"},\"potentialAction\":[{\"@type\":\"SearchAction\",\"target\":{\"@type\":\"EntryPoint\",\"urlTemplate\":\"https:\/\/www.quasys.az\/en\/?s={search_term_string}\"},\"query-input\":{\"@type\":\"PropertyValueSpecification\",\"valueRequired\":true,\"valueName\":\"search_term_string\"}}],\"inLanguage\":\"en-US\"},{\"@type\":\"Organization\",\"@id\":\"https:\/\/www.quasys.az\/en\/#organization\",\"name\":\"Quasys Dijital Teknoloji \u00c7\u00f6z\u00fcmleri\",\"url\":\"https:\/\/www.quasys.az\/en\/\",\"logo\":{\"@type\":\"ImageObject\",\"inLanguage\":\"en-US\",\"@id\":\"https:\/\/www.quasys.az\/en\/#\/schema\/logo\/image\/\",\"url\":\"https:\/\/www.quasys.com.tr\/wp-content\/uploads\/2025\/05\/quasys_logo-01-50_Cropped.png\",\"contentUrl\":\"https:\/\/www.quasys.com.tr\/wp-content\/uploads\/2025\/05\/quasys_logo-01-50_Cropped.png\",\"width\":365,\"height\":262,\"caption\":\"Quasys Dijital Teknoloji \u00c7\u00f6z\u00fcmleri\"},\"image\":{\"@id\":\"https:\/\/www.quasys.az\/en\/#\/schema\/logo\/image\/\"},\"sameAs\":[\"https:\/\/www.linkedin.com\/company\/quasys-technology\/\"]}]}<\/script>\n<!-- \/ Yoast SEO plugin. -->","yoast_head_json":{"title":"DevSecOps - Quasys Dijital Teknoloji \u00c7\u00f6z\u00fcmleri","robots":{"index":"index","follow":"follow","max-snippet":"max-snippet:-1","max-image-preview":"max-image-preview:large","max-video-preview":"max-video-preview:-1"},"canonical":"https:\/\/quasys.com.tr\/en\/our-solutions\/devsecops\/","og_locale":"en_US","og_type":"article","og_title":"DevSecOps - Quasys Dijital Teknoloji \u00c7\u00f6z\u00fcmleri","og_description":"Kocaeli University Technopark has been a knowledge base at the heart ...","og_url":"https:\/\/quasys.com.tr\/en\/our-solutions\/devsecops\/","og_site_name":"Quasys Dijital Teknoloji \u00c7\u00f6z\u00fcmleri","article_modified_time":"2025-12-01T10:49:10+00:00","twitter_card":"summary_large_image","twitter_misc":{"Est. reading time":"1 minute"},"schema":{"@context":"https:\/\/schema.org","@graph":[{"@type":"WebPage","@id":"https:\/\/quasys.com.tr\/en\/our-solutions\/devsecops\/","url":"https:\/\/quasys.com.tr\/en\/our-solutions\/devsecops\/","name":"DevSecOps - Quasys Dijital Teknoloji \u00c7\u00f6z\u00fcmleri","isPartOf":{"@id":"https:\/\/www.quasys.az\/en\/#website"},"datePublished":"2024-11-14T07:28:51+00:00","dateModified":"2025-12-01T10:49:10+00:00","breadcrumb":{"@id":"https:\/\/quasys.com.tr\/en\/our-solutions\/devsecops\/#breadcrumb"},"inLanguage":"en-US","potentialAction":[{"@type":"ReadAction","target":["https:\/\/quasys.com.tr\/en\/our-solutions\/devsecops\/"]}]},{"@type":"BreadcrumbList","@id":"https:\/\/quasys.com.tr\/en\/our-solutions\/devsecops\/#breadcrumb","itemListElement":[{"@type":"ListItem","position":1,"name":"Anasayfa","item":"https:\/\/quasys.az\/en\/"},{"@type":"ListItem","position":2,"name":"Our Solutions","item":"https:\/\/quasysdx.com\/en\/our-solutions\/"},{"@type":"ListItem","position":3,"name":"DevSecOps"}]},{"@type":"WebSite","@id":"https:\/\/www.quasys.az\/en\/#website","url":"https:\/\/www.quasys.az\/en\/","name":"Quasys","description":"","publisher":{"@id":"https:\/\/www.quasys.az\/en\/#organization"},"potentialAction":[{"@type":"SearchAction","target":{"@type":"EntryPoint","urlTemplate":"https:\/\/www.quasys.az\/en\/?s={search_term_string}"},"query-input":{"@type":"PropertyValueSpecification","valueRequired":true,"valueName":"search_term_string"}}],"inLanguage":"en-US"},{"@type":"Organization","@id":"https:\/\/www.quasys.az\/en\/#organization","name":"Quasys Dijital Teknoloji \u00c7\u00f6z\u00fcmleri","url":"https:\/\/www.quasys.az\/en\/","logo":{"@type":"ImageObject","inLanguage":"en-US","@id":"https:\/\/www.quasys.az\/en\/#\/schema\/logo\/image\/","url":"https:\/\/www.quasys.com.tr\/wp-content\/uploads\/2025\/05\/quasys_logo-01-50_Cropped.png","contentUrl":"https:\/\/www.quasys.com.tr\/wp-content\/uploads\/2025\/05\/quasys_logo-01-50_Cropped.png","width":365,"height":262,"caption":"Quasys Dijital Teknoloji \u00c7\u00f6z\u00fcmleri"},"image":{"@id":"https:\/\/www.quasys.az\/en\/#\/schema\/logo\/image\/"},"sameAs":["https:\/\/www.linkedin.com\/company\/quasys-technology\/"]}]}},"_links":{"self":[{"href":"https:\/\/quasys.com.tr\/en\/wp-json\/wp\/v2\/pages\/16580","targetHints":{"allow":["GET"]}}],"collection":[{"href":"https:\/\/quasys.com.tr\/en\/wp-json\/wp\/v2\/pages"}],"about":[{"href":"https:\/\/quasys.com.tr\/en\/wp-json\/wp\/v2\/types\/page"}],"author":[{"embeddable":true,"href":"https:\/\/quasys.com.tr\/en\/wp-json\/wp\/v2\/users\/1"}],"replies":[{"embeddable":true,"href":"https:\/\/quasys.com.tr\/en\/wp-json\/wp\/v2\/comments?post=16580"}],"version-history":[{"count":1,"href":"https:\/\/quasys.com.tr\/en\/wp-json\/wp\/v2\/pages\/16580\/revisions"}],"predecessor-version":[{"id":16581,"href":"https:\/\/quasys.com.tr\/en\/wp-json\/wp\/v2\/pages\/16580\/revisions\/16581"}],"up":[{"embeddable":true,"href":"https:\/\/quasys.com.tr\/en\/wp-json\/wp\/v2\/pages\/16455"}],"wp:attachment":[{"href":"https:\/\/quasys.com.tr\/en\/wp-json\/wp\/v2\/media?parent=16580"}],"curies":[{"name":"wp","href":"https:\/\/api.w.org\/{rel}","templated":true}]}}