{"id":16413,"date":"2025-07-27T12:05:41","date_gmt":"2025-07-27T09:05:41","guid":{"rendered":"https:\/\/quasys.com.tr\/quest\/"},"modified":"2025-12-01T13:25:48","modified_gmt":"2025-12-01T10:25:48","slug":"quest","status":"publish","type":"page","link":"https:\/\/quasys.com.tr\/en\/quest\/","title":{"rendered":"Quest"},"content":{"rendered":"\t\t<div data-elementor-type=\"wp-page\" data-elementor-id=\"16413\" class=\"elementor elementor-16413 elementor-16045\" data-elementor-post-type=\"page\">\n\t\t\t\t<div class=\"elementor-element elementor-element-2c273f2 e-flex e-con-boxed e-con e-parent\" data-id=\"2c273f2\" data-element_type=\"container\">\n\t\t\t\t\t<div class=\"e-con-inner\">\n\t\t\t\t<div class=\"elementor-element elementor-element-776f0ce elementor-widget elementor-widget-heading\" data-id=\"776f0ce\" data-element_type=\"widget\" data-widget_type=\"heading.default\">\n\t\t\t\t<div class=\"elementor-widget-container\">\n\t\t\t<h2 class=\"elementor-heading-title elementor-size-default\">Quest &amp; Quasys: Active Directory Security and Recovery Solutions<\/h2>\t\t<\/div>\n\t\t\t\t<\/div>\n\t\t\t\t<div class=\"elementor-element elementor-element-c05b753 elementor-widget-divider--view-line elementor-widget elementor-widget-divider\" data-id=\"c05b753\" data-element_type=\"widget\" data-widget_type=\"divider.default\">\n\t\t\t\t<div class=\"elementor-widget-container\">\n\t\t\t\t\t<div class=\"elementor-divider\">\n\t\t\t<span class=\"elementor-divider-separator\">\n\t\t\t\t\t\t<\/span>\n\t\t<\/div>\n\t\t\t\t<\/div>\n\t\t\t\t<\/div>\n\t\t\t\t<div class=\"elementor-element elementor-element-dc03fed elementor-widget elementor-widget-text-editor\" data-id=\"dc03fed\" data-element_type=\"widget\" data-widget_type=\"text-editor.default\">\n\t\t\t\t<div class=\"elementor-widget-container\">\n\t\t\t\t\t\t\t<p data-start=\"139\" data-end=\"215\"><span class=\"relative -mx-px my-[-0.2rem] rounded px-px py-[0.2rem] transition-colors duration-100 ease-in-out\">Quest Software provides leading solutions in Microsoft Active Directory (AD), Azure AD\/Entra ID, and Microsoft 365 domains. With a portfolio serving thousands of customers, it is globally recognized as a reference for management, security, backup, recovery, and modernization processes in AD environments. <\/span><\/p><p data-start=\"251\" data-end=\"288\"><span class=\"relative -mx-px my-[-0.2rem] rounded px-px py-[0.2rem] transition-colors duration-100 ease-in-out\">As Quasys, through our partnership with Quest, we offer our customers a secure and sustainable solution portfolio for AD infrastructures.<\/span><\/p>\t\t\t\t\t\t<\/div>\n\t\t\t\t<\/div>\n\t\t\t\t<div class=\"elementor-element elementor-element-9df8f30 elementor-widget elementor-widget-eael-adv-accordion\" data-id=\"9df8f30\" data-element_type=\"widget\" data-widget_type=\"eael-adv-accordion.default\">\n\t\t\t\t<div class=\"elementor-widget-container\">\n\t\t\t        <div class=\"eael-adv-accordion\" id=\"eael-adv-accordion-9df8f30\" data-scroll-on-click=\"yes\" data-scroll-speed=\"300\" data-accordion-id=\"9df8f30\" data-accordion-type=\"accordion\" data-toogle-speed=\"300\">\n    <div class=\"eael-accordion-list\">\n                <div id=\"quest-recovery-manager-for-active-directory\" class=\"elementor-tab-title eael-accordion-header active-default\" tabindex=\"0\" data-tab=\"1\" aria-controls=\"elementor-tab-content-1651\"><span class=\"eael-accordion-tab-title\">Quest Recovery Manager for Active Directory<\/span><i aria-hidden=\"true\" class=\"fa-toggle fas fa-angle-right\"><\/i><\/div><div id=\"elementor-tab-content-1651\" class=\"eael-accordion-content clearfix active-default\" data-tab=\"1\" aria-labelledby=\"quest-recovery-manager-for-active-directory\"><p data-start=\"411\" data-end=\"487\"><span class=\"relative -mx-px my-[-0.2rem] rounded px-px py-[0.2rem] transition-colors duration-100 ease-in-out\">Quest Recovery Manager (RMAD DRE) not only recovers AD forests at the object and attribute level but also fully automates the 40+ step AD recovery process recommended by Microsoft. This makes the recovery process measurable in hours rather than days and weeks. <\/span><\/p>\n<p data-start=\"489\" data-end=\"565\"><span class=\"relative -mx-px my-[-0.2rem] rounded px-px py-[0.2rem] transition-colors duration-100 ease-in-out\">Backup data is protected on air-gapped servers through the <strong data-start=\"19\" data-end=\"37\">secure storage<\/strong> feature, stored in isolation against attacks or data loss. During recovery, malware scanning is applied through Microsoft Defender integration, ensuring restoration in a clean environment. <\/span><\/p>\n<p data-start=\"567\" data-end=\"643\"><span class=\"relative -mx-px my-[-0.2rem] rounded px-px py-[0.2rem] transition-colors duration-100 ease-in-out\">The solution offers exceptional flexibility by supporting scenarios such as <strong data-start=\"7\" data-end=\"26\">phased recovery<\/strong>, <strong data-start=\"28\" data-end=\"51\">bare-metal recovery<\/strong>, <strong data-start=\"53\" data-end=\"73\">clean OS restore<\/strong>, and <strong data-start=\"77\" data-end=\"110\">direct recovery to Azure VMs<\/strong>.<\/span><\/p>\n<\/div>\n                <\/div><div class=\"eael-accordion-list\">\n                <div id=\"key-features\" class=\"elementor-tab-title eael-accordion-header active-default\" tabindex=\"0\" data-tab=\"2\" aria-controls=\"elementor-tab-content-1652\"><span class=\"eael-accordion-tab-title\">Key Features:<\/span><i aria-hidden=\"true\" class=\"fa-toggle fas fa-angle-right\"><\/i><\/div><div id=\"elementor-tab-content-1652\" class=\"eael-accordion-content clearfix active-default\" data-tab=\"2\" aria-labelledby=\"key-features\"><ul>\n<li data-start=\"672\" data-end=\"756\">\n<p data-start=\"674\" data-end=\"756\"><span class=\"relative -mx-px my-[-0.2rem] rounded px-px py-[0.2rem] transition-colors duration-100 ease-in-out\"><strong data-start=\"0\" data-end=\"44\" data-is-only-node=\"\">Minimizes dramatic AD outages:<\/strong> Recovery times are significantly reduced; for example, business continuity is ensured in ransomware situations.<\/span><\/p>\n<\/li>\n<li data-start=\"757\" data-end=\"800\">\n<p data-start=\"759\" data-end=\"800\"><span class=\"relative -mx-px my-[-0.2rem] rounded px-px py-[0.2rem] transition-colors duration-100 ease-in-out\"><strong data-start=\"0\" data-end=\"36\" data-is-only-node=\"\">Time and cost savings:<\/strong> Recovery processes are performed much faster and require much less intervention compared to traditional backup methods.<\/span><\/p>\n<\/li>\n<li data-start=\"801\" data-end=\"883\">\n<p data-start=\"803\" data-end=\"883\"><span class=\"relative -mx-px my-[-0.2rem] rounded px-px py-[0.2rem] transition-colors duration-100 ease-in-out\"><strong data-start=\"0\" data-end=\"27\" data-is-only-node=\"\">Industry reliability:<\/strong> Quest solutions are preferred by more than 50% of Fortune 100 companies. This demonstrates that you are investing in proven, field-tested technology. <\/span><\/p>\n<\/li>\n<\/ul>\n<\/div>\n                <\/div><div class=\"eael-accordion-list\">\n                <div id=\"quest-active-directory-security-solutions-ad-security\" class=\"elementor-tab-title eael-accordion-header\" tabindex=\"0\" data-tab=\"3\" aria-controls=\"elementor-tab-content-1653\"><span class=\"eael-accordion-tab-title\">Quest Active Directory Security Solutions (AD Security)<\/span><i aria-hidden=\"true\" class=\"fa-toggle fas fa-angle-right\"><\/i><\/div><div id=\"elementor-tab-content-1653\" class=\"eael-accordion-content clearfix\" data-tab=\"3\" aria-labelledby=\"quest-active-directory-security-solutions-ad-security\"><h4 data-start=\"957\" data-end=\"997\">Comprehensive Protection Against AD Vulnerabilities<\/h4>\n<p data-start=\"999\" data-end=\"1079\"><span class=\"relative -mx-px my-[-0.2rem] rounded px-px py-[0.2rem] transition-colors duration-100 ease-in-out\">Quest AD Security Solutions provide multi-layered security in hybrid AD environments (on-premise + Microsoft Entra ID). It fully supports the <strong data-start=\"151\" data-end=\"211\">Identify \/ Protect \/ Detect \/ Respond \/ Recover \/ Govern<\/strong> functions in the NIST cybersecurity framework. <\/span><\/p>\n<ul data-start=\"1081\" data-end=\"1383\">\n<li data-start=\"1081\" data-end=\"1124\">\n<p data-start=\"1083\" data-end=\"1124\"><span class=\"relative -mx-px my-[-0.2rem] rounded px-px py-[0.2rem] transition-colors duration-100 ease-in-out\"><strong data-start=\"0\" data-end=\"13\" data-is-only-node=\"\">Identify:<\/strong> Configuration vulnerabilities, critical Tier-0 objects, and GPOs are monitored in real-time, and risks are automatically identified.<\/span><\/p>\n<\/li>\n<li data-start=\"1125\" data-end=\"1168\">\n<p data-start=\"1127\" data-end=\"1168\"><span class=\"relative -mx-px my-[-0.2rem] rounded px-px py-[0.2rem] transition-colors duration-100 ease-in-out\"><strong data-start=\"0\" data-end=\"12\" data-is-only-node=\"\">Protect:<\/strong> The environment is protected through current GPO management, attestation, and automatic rollback mechanisms against critical changes.<\/span><\/p>\n<\/li>\n<li data-start=\"1169\" data-end=\"1212\">\n<p data-start=\"1171\" data-end=\"1212\"><span class=\"relative -mx-px my-[-0.2rem] rounded px-px py-[0.2rem] transition-colors duration-100 ease-in-out\"><strong data-start=\"0\" data-end=\"11\" data-is-only-node=\"\">Detect:<\/strong> Potential attacks are detected through real-time anomalous audit logs, IOCs\/IOEs tracking, and alerts.<\/span><\/p>\n<\/li>\n<li data-start=\"1213\" data-end=\"1256\">\n<p data-start=\"1215\" data-end=\"1256\"><span class=\"relative -mx-px my-[-0.2rem] rounded px-px py-[0.2rem] transition-colors duration-100 ease-in-out\"><strong data-start=\"0\" data-end=\"12\" data-is-only-node=\"\">Respond:<\/strong> Automatic response steps for relevant incidents are taken, such as isolating users from offline environments or applying rollbacks.<\/span><\/p>\n<\/li>\n<li data-start=\"1257\" data-end=\"1300\">\n<p data-start=\"1259\" data-end=\"1300\"><span class=\"relative -mx-px my-[-0.2rem] rounded px-px py-[0.2rem] transition-colors duration-100 ease-in-out\"><strong data-start=\"0\" data-end=\"12\" data-is-only-node=\"\">Recover:<\/strong> AD recovery strategies can be implemented even in worst-case scenarios caused by AD security issues.<\/span><\/p>\n<\/li>\n<li data-start=\"1301\" data-end=\"1383\">\n<p data-start=\"1303\" data-end=\"1383\"><span class=\"relative -mx-px my-[-0.2rem] rounded px-px py-[0.2rem] transition-colors duration-100 ease-in-out\"><strong data-start=\"0\" data-end=\"11\" data-is-only-node=\"\">Govern:<\/strong> Provides high-level transparency and audit mechanisms integrated with enterprise risk management.<\/span><\/p>\n<\/li>\n<\/ul>\n<p data-start=\"1401\" data-end=\"1581\">With Quest AD Security, your AD environment both performs proactive threat detection and can respond immediately, establishing a strong defense line against internal and external threats.<\/p>\n<\/div>\n                <\/div><div class=\"eael-accordion-list\">\n                <div id=\"-experience-quest-with-the-quasys-difference\" class=\"elementor-tab-title eael-accordion-header\" tabindex=\"0\" data-tab=\"4\" aria-controls=\"elementor-tab-content-1654\"><span class=\"eael-accordion-tab-title\"> Experience Quest with the Quasys Difference<\/span><i aria-hidden=\"true\" class=\"fa-toggle fas fa-angle-right\"><\/i><\/div><div id=\"elementor-tab-content-1654\" class=\"eael-accordion-content clearfix\" data-tab=\"4\" aria-labelledby=\"-experience-quest-with-the-quasys-difference\"><p>Choosing Quest solutions with Quasys expertise is not just purchasing a product; it is also taking a step into an end-to-end solution partnership. All processes from installation to integration, from configuration to technical support, are managed with Quasys&#8217;s local experience and shaped in compliance with Turkey&#8217;s regulations. <\/p>\n<p>Installations are customized according to needs, taking into account local data storage policies, legal compliance requirements, and IT infrastructure conditions.<\/p>\n<p>The combined offering of Recovery Manager and Active Directory Security solutions provides organizations not only with a strong security layer but also with an integrated structure that ensures uninterrupted access and business continuity.<\/p>\n<\/div>\n                <\/div><\/div>\t\t<\/div>\n\t\t\t\t<\/div>\n\t\t\t\t\t<\/div>\n\t\t\t\t<\/div>\n\t\t\t\t<\/div>\n\t\t","protected":false},"excerpt":{"rendered":"<p>Quest &amp; Quasys: Active Directory Security and Recovery Solutions Quest Software &#8230; <\/p>\n","protected":false},"author":2,"featured_media":0,"parent":0,"menu_order":0,"comment_status":"closed","ping_status":"closed","template":"","meta":{"footnotes":""},"class_list":["post-16413","page","type-page","status-publish","hentry"],"yoast_head":"<!-- This site is optimized with the Yoast SEO plugin v25.0 - https:\/\/yoast.com\/wordpress\/plugins\/seo\/ -->\n<title>Quest - Quasys Dijital Teknoloji \u00c7\u00f6z\u00fcmleri<\/title>\n<meta name=\"robots\" content=\"index, follow, max-snippet:-1, max-image-preview:large, max-video-preview:-1\" \/>\n<link rel=\"canonical\" href=\"https:\/\/quasys.com.tr\/en\/quest\/\" \/>\n<meta property=\"og:locale\" content=\"en_US\" \/>\n<meta property=\"og:type\" content=\"article\" \/>\n<meta property=\"og:title\" content=\"Quest - Quasys Dijital Teknoloji \u00c7\u00f6z\u00fcmleri\" \/>\n<meta property=\"og:description\" content=\"Quest &amp; Quasys: Active Directory Security and Recovery Solutions Quest Software ...\" \/>\n<meta property=\"og:url\" content=\"https:\/\/quasys.com.tr\/en\/quest\/\" \/>\n<meta property=\"og:site_name\" content=\"Quasys Dijital Teknoloji \u00c7\u00f6z\u00fcmleri\" \/>\n<meta property=\"article:modified_time\" content=\"2025-12-01T10:25:48+00:00\" \/>\n<meta name=\"twitter:card\" content=\"summary_large_image\" \/>\n<meta name=\"twitter:label1\" content=\"Est. reading time\" \/>\n\t<meta name=\"twitter:data1\" content=\"3 minutes\" \/>\n<script type=\"application\/ld+json\" class=\"yoast-schema-graph\">{\"@context\":\"https:\/\/schema.org\",\"@graph\":[{\"@type\":\"WebPage\",\"@id\":\"https:\/\/quasys.com.tr\/en\/quest\/\",\"url\":\"https:\/\/quasys.com.tr\/en\/quest\/\",\"name\":\"Quest - Quasys Dijital Teknoloji \u00c7\u00f6z\u00fcmleri\",\"isPartOf\":{\"@id\":\"https:\/\/www.quasys.az\/en\/#website\"},\"datePublished\":\"2025-07-27T09:05:41+00:00\",\"dateModified\":\"2025-12-01T10:25:48+00:00\",\"breadcrumb\":{\"@id\":\"https:\/\/quasys.com.tr\/en\/quest\/#breadcrumb\"},\"inLanguage\":\"en-US\",\"potentialAction\":[{\"@type\":\"ReadAction\",\"target\":[\"https:\/\/quasys.com.tr\/en\/quest\/\"]}]},{\"@type\":\"BreadcrumbList\",\"@id\":\"https:\/\/quasys.com.tr\/en\/quest\/#breadcrumb\",\"itemListElement\":[{\"@type\":\"ListItem\",\"position\":1,\"name\":\"Anasayfa\",\"item\":\"https:\/\/quasys.az\/en\/\"},{\"@type\":\"ListItem\",\"position\":2,\"name\":\"Quest\"}]},{\"@type\":\"WebSite\",\"@id\":\"https:\/\/www.quasys.az\/en\/#website\",\"url\":\"https:\/\/www.quasys.az\/en\/\",\"name\":\"Quasys\",\"description\":\"\",\"publisher\":{\"@id\":\"https:\/\/www.quasys.az\/en\/#organization\"},\"potentialAction\":[{\"@type\":\"SearchAction\",\"target\":{\"@type\":\"EntryPoint\",\"urlTemplate\":\"https:\/\/www.quasys.az\/en\/?s={search_term_string}\"},\"query-input\":{\"@type\":\"PropertyValueSpecification\",\"valueRequired\":true,\"valueName\":\"search_term_string\"}}],\"inLanguage\":\"en-US\"},{\"@type\":\"Organization\",\"@id\":\"https:\/\/www.quasys.az\/en\/#organization\",\"name\":\"Quasys Dijital Teknoloji \u00c7\u00f6z\u00fcmleri\",\"url\":\"https:\/\/www.quasys.az\/en\/\",\"logo\":{\"@type\":\"ImageObject\",\"inLanguage\":\"en-US\",\"@id\":\"https:\/\/www.quasys.az\/en\/#\/schema\/logo\/image\/\",\"url\":\"https:\/\/www.quasys.com.tr\/wp-content\/uploads\/2025\/05\/quasys_logo-01-50_Cropped.png\",\"contentUrl\":\"https:\/\/www.quasys.com.tr\/wp-content\/uploads\/2025\/05\/quasys_logo-01-50_Cropped.png\",\"width\":365,\"height\":262,\"caption\":\"Quasys Dijital Teknoloji \u00c7\u00f6z\u00fcmleri\"},\"image\":{\"@id\":\"https:\/\/www.quasys.az\/en\/#\/schema\/logo\/image\/\"},\"sameAs\":[\"https:\/\/www.linkedin.com\/company\/quasys-technology\/\"]}]}<\/script>\n<!-- \/ Yoast SEO plugin. -->","yoast_head_json":{"title":"Quest - Quasys Dijital Teknoloji \u00c7\u00f6z\u00fcmleri","robots":{"index":"index","follow":"follow","max-snippet":"max-snippet:-1","max-image-preview":"max-image-preview:large","max-video-preview":"max-video-preview:-1"},"canonical":"https:\/\/quasys.com.tr\/en\/quest\/","og_locale":"en_US","og_type":"article","og_title":"Quest - Quasys Dijital Teknoloji \u00c7\u00f6z\u00fcmleri","og_description":"Quest &amp; Quasys: Active Directory Security and Recovery Solutions Quest Software ...","og_url":"https:\/\/quasys.com.tr\/en\/quest\/","og_site_name":"Quasys Dijital Teknoloji \u00c7\u00f6z\u00fcmleri","article_modified_time":"2025-12-01T10:25:48+00:00","twitter_card":"summary_large_image","twitter_misc":{"Est. reading time":"3 minutes"},"schema":{"@context":"https:\/\/schema.org","@graph":[{"@type":"WebPage","@id":"https:\/\/quasys.com.tr\/en\/quest\/","url":"https:\/\/quasys.com.tr\/en\/quest\/","name":"Quest - Quasys Dijital Teknoloji \u00c7\u00f6z\u00fcmleri","isPartOf":{"@id":"https:\/\/www.quasys.az\/en\/#website"},"datePublished":"2025-07-27T09:05:41+00:00","dateModified":"2025-12-01T10:25:48+00:00","breadcrumb":{"@id":"https:\/\/quasys.com.tr\/en\/quest\/#breadcrumb"},"inLanguage":"en-US","potentialAction":[{"@type":"ReadAction","target":["https:\/\/quasys.com.tr\/en\/quest\/"]}]},{"@type":"BreadcrumbList","@id":"https:\/\/quasys.com.tr\/en\/quest\/#breadcrumb","itemListElement":[{"@type":"ListItem","position":1,"name":"Anasayfa","item":"https:\/\/quasys.az\/en\/"},{"@type":"ListItem","position":2,"name":"Quest"}]},{"@type":"WebSite","@id":"https:\/\/www.quasys.az\/en\/#website","url":"https:\/\/www.quasys.az\/en\/","name":"Quasys","description":"","publisher":{"@id":"https:\/\/www.quasys.az\/en\/#organization"},"potentialAction":[{"@type":"SearchAction","target":{"@type":"EntryPoint","urlTemplate":"https:\/\/www.quasys.az\/en\/?s={search_term_string}"},"query-input":{"@type":"PropertyValueSpecification","valueRequired":true,"valueName":"search_term_string"}}],"inLanguage":"en-US"},{"@type":"Organization","@id":"https:\/\/www.quasys.az\/en\/#organization","name":"Quasys Dijital Teknoloji \u00c7\u00f6z\u00fcmleri","url":"https:\/\/www.quasys.az\/en\/","logo":{"@type":"ImageObject","inLanguage":"en-US","@id":"https:\/\/www.quasys.az\/en\/#\/schema\/logo\/image\/","url":"https:\/\/www.quasys.com.tr\/wp-content\/uploads\/2025\/05\/quasys_logo-01-50_Cropped.png","contentUrl":"https:\/\/www.quasys.com.tr\/wp-content\/uploads\/2025\/05\/quasys_logo-01-50_Cropped.png","width":365,"height":262,"caption":"Quasys Dijital Teknoloji \u00c7\u00f6z\u00fcmleri"},"image":{"@id":"https:\/\/www.quasys.az\/en\/#\/schema\/logo\/image\/"},"sameAs":["https:\/\/www.linkedin.com\/company\/quasys-technology\/"]}]}},"_links":{"self":[{"href":"https:\/\/quasys.com.tr\/en\/wp-json\/wp\/v2\/pages\/16413","targetHints":{"allow":["GET"]}}],"collection":[{"href":"https:\/\/quasys.com.tr\/en\/wp-json\/wp\/v2\/pages"}],"about":[{"href":"https:\/\/quasys.com.tr\/en\/wp-json\/wp\/v2\/types\/page"}],"author":[{"embeddable":true,"href":"https:\/\/quasys.com.tr\/en\/wp-json\/wp\/v2\/users\/2"}],"replies":[{"embeddable":true,"href":"https:\/\/quasys.com.tr\/en\/wp-json\/wp\/v2\/comments?post=16413"}],"version-history":[{"count":1,"href":"https:\/\/quasys.com.tr\/en\/wp-json\/wp\/v2\/pages\/16413\/revisions"}],"predecessor-version":[{"id":16414,"href":"https:\/\/quasys.com.tr\/en\/wp-json\/wp\/v2\/pages\/16413\/revisions\/16414"}],"wp:attachment":[{"href":"https:\/\/quasys.com.tr\/en\/wp-json\/wp\/v2\/media?parent=16413"}],"curies":[{"name":"wp","href":"https:\/\/api.w.org\/{rel}","templated":true}]}}