{"id":16409,"date":"2025-06-24T08:55:20","date_gmt":"2025-06-24T05:55:20","guid":{"rendered":"https:\/\/quasys.com.tr\/surf\/"},"modified":"2025-12-01T13:23:55","modified_gmt":"2025-12-01T10:23:55","slug":"surf","status":"publish","type":"page","link":"https:\/\/quasys.com.tr\/en\/surf\/","title":{"rendered":"Surf"},"content":{"rendered":"\t\t<div data-elementor-type=\"wp-page\" data-elementor-id=\"16409\" class=\"elementor elementor-16409 elementor-15923\" data-elementor-post-type=\"page\">\n\t\t\t\t<div class=\"elementor-element elementor-element-588decc e-flex e-con-boxed e-con e-parent\" data-id=\"588decc\" data-element_type=\"container\">\n\t\t\t\t\t<div class=\"e-con-inner\">\n\t\t\t\t<div class=\"elementor-element elementor-element-b1b4e88 elementor-widget elementor-widget-heading\" data-id=\"b1b4e88\" data-element_type=\"widget\" data-widget_type=\"heading.default\">\n\t\t\t\t<div class=\"elementor-widget-container\">\n\t\t\t<h2 class=\"elementor-heading-title elementor-size-default\">A New Generation Approach Transforming the Browser into Security<\/h2>\t\t<\/div>\n\t\t\t\t<\/div>\n\t\t\t\t<div class=\"elementor-element elementor-element-a8f5888 elementor-widget-divider--view-line elementor-widget elementor-widget-divider\" data-id=\"a8f5888\" data-element_type=\"widget\" data-widget_type=\"divider.default\">\n\t\t\t\t<div class=\"elementor-widget-container\">\n\t\t\t\t\t<div class=\"elementor-divider\">\n\t\t\t<span class=\"elementor-divider-separator\">\n\t\t\t\t\t\t<\/span>\n\t\t<\/div>\n\t\t\t\t<\/div>\n\t\t\t\t<\/div>\n\t\t\t\t<div class=\"elementor-element elementor-element-e57531f elementor-widget elementor-widget-text-editor\" data-id=\"e57531f\" data-element_type=\"widget\" data-widget_type=\"text-editor.default\">\n\t\t\t\t<div class=\"elementor-widget-container\">\n\t\t\t\t\t\t\t<p data-start=\"551\" data-end=\"964\">Modern work models necessitate users to access applications and data from different devices and locations. In this dynamic environment, browsers are not just an access tool; they also become a critical security layer. Surf Security redefines the boundaries of corporate security by making users&#8217; access to digital resources secure, controlled, and visible.  <\/p>\t\t\t\t\t\t<\/div>\n\t\t\t\t<\/div>\n\t\t\t\t<div class=\"elementor-element elementor-element-49aa3c0 elementor-widget elementor-widget-eael-adv-accordion\" data-id=\"49aa3c0\" data-element_type=\"widget\" data-widget_type=\"eael-adv-accordion.default\">\n\t\t\t\t<div class=\"elementor-widget-container\">\n\t\t\t        <div class=\"eael-adv-accordion\" id=\"eael-adv-accordion-49aa3c0\" data-scroll-on-click=\"yes\" data-scroll-speed=\"300\" data-accordion-id=\"49aa3c0\" data-accordion-type=\"accordion\" data-toogle-speed=\"300\">\n    <div class=\"eael-accordion-list\">\n                <div id=\"zero-trust-compatible-browser-security\" class=\"elementor-tab-title eael-accordion-header active-default\" tabindex=\"0\" data-tab=\"1\" aria-controls=\"elementor-tab-content-7721\"><span class=\"eael-accordion-tab-title\">Zero Trust Compatible Browser Security<\/span><i aria-hidden=\"true\" class=\"fa-toggle fas fa-angle-right\"><\/i><\/div><div id=\"elementor-tab-content-7721\" class=\"eael-accordion-content clearfix active-default\" data-tab=\"1\" aria-labelledby=\"zero-trust-compatible-browser-security\"><p data-start=\"858\" data-end=\"1251\">The core approach of Surf Security is to create a browser architecture compatible with <strong data-start=\"893\" data-end=\"907\">Zero Trust<\/strong> principles. It continuously controls which application the user accesses, when, from where, and how. Surf is equipped with features such as event logging at the browser level, policy-based access restrictions, and user behavior analysis, providing end-to-end visibility.  <\/p>\n<\/div>\n                <\/div><div class=\"eael-accordion-list\">\n                <div id=\"key-features\" class=\"elementor-tab-title eael-accordion-header active-default\" tabindex=\"0\" data-tab=\"2\" aria-controls=\"elementor-tab-content-7722\"><span class=\"eael-accordion-tab-title\">Key Features:<\/span><i aria-hidden=\"true\" class=\"fa-toggle fas fa-angle-right\"><\/i><\/div><div id=\"elementor-tab-content-7722\" class=\"eael-accordion-content clearfix active-default\" data-tab=\"2\" aria-labelledby=\"key-features\"><ul>\n<li data-start=\"1280\" data-end=\"1433\">\n<p data-start=\"1282\" data-end=\"1433\"><strong data-start=\"1282\" data-end=\"1312\">Agentless Architecture:<\/strong> Does not burden the endpoint; operates directly through modern browsers. This ensures rapid deployment and easy maintenance. <\/p>\n<\/li>\n<li data-start=\"1434\" data-end=\"1564\">\n<p data-start=\"1436\" data-end=\"1564\"><strong data-start=\"1436\" data-end=\"1473\">Policy-Based Access Control:<\/strong> Granular access rules can be applied based on resource, location, application, and device type.<\/p>\n<\/li>\n<li data-start=\"1565\" data-end=\"1702\">\n<p data-start=\"1567\" data-end=\"1702\"><strong data-start=\"1567\" data-end=\"1599\">Data Loss Prevention (DLP):<\/strong> Provides detailed authorization for actions such as copying, pasting, downloading, and taking screenshots.<\/p>\n<\/li>\n<li data-start=\"1703\" data-end=\"1901\">\n<p data-start=\"1705\" data-end=\"1901\"><strong data-start=\"1705\" data-end=\"1724\">Full Visibility:<\/strong> All browser activities are logged and offer detailed analysis opportunities. It helps prevent security breaches by centralizing user behaviors. <\/p>\n<\/li>\n<li data-start=\"1902\" data-end=\"2058\">\n<p data-start=\"1904\" data-end=\"2058\"><strong data-start=\"1904\" data-end=\"1931\">Session Monitoring and Recording:<\/strong> All critical sessions occurring through the browser can be monitored in real-time and recorded if necessary.<\/p>\n<\/li>\n<li data-start=\"2059\" data-end=\"2208\">\n<p data-start=\"2061\" data-end=\"2208\"><strong data-start=\"2061\" data-end=\"2080\">Management Panel:<\/strong> Provides a centralized management and reporting console for IT teams. All users and applications can be managed from a single interface.<\/p>\n<\/li>\n<li data-start=\"2209\" data-end=\"2366\">\n<p data-start=\"2211\" data-end=\"2366\"><strong data-start=\"2211\" data-end=\"2257\">Secure Access to SaaS and Web Applications:<\/strong> The SaaS services and web applications used by the organization are filtered through Surf to ensure secure access.<\/p>\n<\/li>\n<\/ul>\n<\/div>\n                <\/div><div class=\"eael-accordion-list\">\n                <div id=\"use-cases\" class=\"elementor-tab-title eael-accordion-header\" tabindex=\"0\" data-tab=\"3\" aria-controls=\"elementor-tab-content-7723\"><span class=\"eael-accordion-tab-title\">Use Cases<\/span><i aria-hidden=\"true\" class=\"fa-toggle fas fa-angle-right\"><\/i><\/div><div id=\"elementor-tab-content-7723\" class=\"eael-accordion-content clearfix\" data-tab=\"3\" aria-labelledby=\"use-cases\"><ul data-start=\"2394\" data-end=\"2691\">\n<li data-start=\"2394\" data-end=\"2464\">\n<p data-start=\"2396\" data-end=\"2464\">Securing SaaS access for remote working teams<\/p>\n<\/li>\n<li data-start=\"2465\" data-end=\"2538\">\n<p data-start=\"2467\" data-end=\"2538\">Managing controlled access needs of third-party partners<\/p>\n<\/li>\n<li data-start=\"2539\" data-end=\"2605\">\n<p data-start=\"2541\" data-end=\"2605\">Tightening DLP rules for access to critical data<\/p>\n<\/li>\n<li data-start=\"2606\" data-end=\"2691\">\n<p data-start=\"2608\" data-end=\"2691\">Reducing Shadow IT risks and preventing unauthorized application usage<\/p>\n<\/li>\n<\/ul>\n<\/div>\n                <\/div><div class=\"eael-accordion-list\">\n                <div id=\"quasys-amp-surf\" class=\"elementor-tab-title eael-accordion-header\" tabindex=\"0\" data-tab=\"4\" aria-controls=\"elementor-tab-content-7724\"><span class=\"eael-accordion-tab-title\">Quasys &amp; Surf<\/span><i aria-hidden=\"true\" class=\"fa-toggle fas fa-angle-right\"><\/i><\/div><div id=\"elementor-tab-content-7724\" class=\"eael-accordion-content clearfix\" data-tab=\"4\" aria-labelledby=\"quasys-amp-surf\"><p data-start=\"1410\" data-end=\"1765\">As Quasys, through our partnership with Surf Security, we offer a comprehensive, simplified, and effective browser security solution to institutions in Turkey. By combining the technological depth of Surf Security with Quasys&#8217;s expertise, we deliver solutions to our customers that are easy to use and of strategic value.<\/p>\n<p data-start=\"1767\" data-end=\"1962\">Thanks to this new generation approach that centers the browser in the security architecture, it is now possible to prevent data leaks, block unauthorized access, and maintain employee productivity.<\/p>\n<\/div>\n                <\/div><\/div>\t\t<\/div>\n\t\t\t\t<\/div>\n\t\t\t\t\t<\/div>\n\t\t\t\t<\/div>\n\t\t\t\t<\/div>\n\t\t","protected":false},"excerpt":{"rendered":"<p>A New Generation Approach Transforming the Browser into Security Modern work &#8230; <\/p>\n","protected":false},"author":2,"featured_media":0,"parent":0,"menu_order":0,"comment_status":"closed","ping_status":"closed","template":"","meta":{"footnotes":""},"class_list":["post-16409","page","type-page","status-publish","hentry"],"yoast_head":"<!-- This site is optimized with the Yoast SEO plugin v25.0 - https:\/\/yoast.com\/wordpress\/plugins\/seo\/ -->\n<title>Surf - Quasys Dijital Teknoloji \u00c7\u00f6z\u00fcmleri<\/title>\n<meta name=\"robots\" content=\"index, follow, max-snippet:-1, max-image-preview:large, max-video-preview:-1\" \/>\n<link rel=\"canonical\" href=\"https:\/\/quasys.com.tr\/en\/surf\/\" \/>\n<meta property=\"og:locale\" content=\"en_US\" \/>\n<meta property=\"og:type\" content=\"article\" \/>\n<meta property=\"og:title\" content=\"Surf - Quasys Dijital Teknoloji \u00c7\u00f6z\u00fcmleri\" \/>\n<meta property=\"og:description\" content=\"A New Generation Approach Transforming the Browser into Security Modern work ...\" \/>\n<meta property=\"og:url\" content=\"https:\/\/quasys.com.tr\/en\/surf\/\" \/>\n<meta property=\"og:site_name\" content=\"Quasys Dijital Teknoloji \u00c7\u00f6z\u00fcmleri\" \/>\n<meta property=\"article:modified_time\" content=\"2025-12-01T10:23:55+00:00\" \/>\n<meta name=\"twitter:card\" content=\"summary_large_image\" \/>\n<meta name=\"twitter:label1\" content=\"Est. reading time\" \/>\n\t<meta name=\"twitter:data1\" content=\"2 minutes\" \/>\n<script type=\"application\/ld+json\" class=\"yoast-schema-graph\">{\"@context\":\"https:\/\/schema.org\",\"@graph\":[{\"@type\":\"WebPage\",\"@id\":\"https:\/\/quasys.com.tr\/en\/surf\/\",\"url\":\"https:\/\/quasys.com.tr\/en\/surf\/\",\"name\":\"Surf - Quasys Dijital Teknoloji \u00c7\u00f6z\u00fcmleri\",\"isPartOf\":{\"@id\":\"https:\/\/www.quasys.az\/en\/#website\"},\"datePublished\":\"2025-06-24T05:55:20+00:00\",\"dateModified\":\"2025-12-01T10:23:55+00:00\",\"breadcrumb\":{\"@id\":\"https:\/\/quasys.com.tr\/en\/surf\/#breadcrumb\"},\"inLanguage\":\"en-US\",\"potentialAction\":[{\"@type\":\"ReadAction\",\"target\":[\"https:\/\/quasys.com.tr\/en\/surf\/\"]}]},{\"@type\":\"BreadcrumbList\",\"@id\":\"https:\/\/quasys.com.tr\/en\/surf\/#breadcrumb\",\"itemListElement\":[{\"@type\":\"ListItem\",\"position\":1,\"name\":\"Anasayfa\",\"item\":\"https:\/\/quasys.az\/en\/\"},{\"@type\":\"ListItem\",\"position\":2,\"name\":\"Surf\"}]},{\"@type\":\"WebSite\",\"@id\":\"https:\/\/www.quasys.az\/en\/#website\",\"url\":\"https:\/\/www.quasys.az\/en\/\",\"name\":\"Quasys\",\"description\":\"\",\"publisher\":{\"@id\":\"https:\/\/www.quasys.az\/en\/#organization\"},\"potentialAction\":[{\"@type\":\"SearchAction\",\"target\":{\"@type\":\"EntryPoint\",\"urlTemplate\":\"https:\/\/www.quasys.az\/en\/?s={search_term_string}\"},\"query-input\":{\"@type\":\"PropertyValueSpecification\",\"valueRequired\":true,\"valueName\":\"search_term_string\"}}],\"inLanguage\":\"en-US\"},{\"@type\":\"Organization\",\"@id\":\"https:\/\/www.quasys.az\/en\/#organization\",\"name\":\"Quasys Dijital Teknoloji \u00c7\u00f6z\u00fcmleri\",\"url\":\"https:\/\/www.quasys.az\/en\/\",\"logo\":{\"@type\":\"ImageObject\",\"inLanguage\":\"en-US\",\"@id\":\"https:\/\/www.quasys.az\/en\/#\/schema\/logo\/image\/\",\"url\":\"https:\/\/www.quasys.com.tr\/wp-content\/uploads\/2025\/05\/quasys_logo-01-50_Cropped.png\",\"contentUrl\":\"https:\/\/www.quasys.com.tr\/wp-content\/uploads\/2025\/05\/quasys_logo-01-50_Cropped.png\",\"width\":365,\"height\":262,\"caption\":\"Quasys Dijital Teknoloji \u00c7\u00f6z\u00fcmleri\"},\"image\":{\"@id\":\"https:\/\/www.quasys.az\/en\/#\/schema\/logo\/image\/\"},\"sameAs\":[\"https:\/\/www.linkedin.com\/company\/quasys-technology\/\"]}]}<\/script>\n<!-- \/ Yoast SEO plugin. -->","yoast_head_json":{"title":"Surf - Quasys Dijital Teknoloji \u00c7\u00f6z\u00fcmleri","robots":{"index":"index","follow":"follow","max-snippet":"max-snippet:-1","max-image-preview":"max-image-preview:large","max-video-preview":"max-video-preview:-1"},"canonical":"https:\/\/quasys.com.tr\/en\/surf\/","og_locale":"en_US","og_type":"article","og_title":"Surf - Quasys Dijital Teknoloji \u00c7\u00f6z\u00fcmleri","og_description":"A New Generation Approach Transforming the Browser into Security Modern work ...","og_url":"https:\/\/quasys.com.tr\/en\/surf\/","og_site_name":"Quasys Dijital Teknoloji \u00c7\u00f6z\u00fcmleri","article_modified_time":"2025-12-01T10:23:55+00:00","twitter_card":"summary_large_image","twitter_misc":{"Est. reading time":"2 minutes"},"schema":{"@context":"https:\/\/schema.org","@graph":[{"@type":"WebPage","@id":"https:\/\/quasys.com.tr\/en\/surf\/","url":"https:\/\/quasys.com.tr\/en\/surf\/","name":"Surf - Quasys Dijital Teknoloji \u00c7\u00f6z\u00fcmleri","isPartOf":{"@id":"https:\/\/www.quasys.az\/en\/#website"},"datePublished":"2025-06-24T05:55:20+00:00","dateModified":"2025-12-01T10:23:55+00:00","breadcrumb":{"@id":"https:\/\/quasys.com.tr\/en\/surf\/#breadcrumb"},"inLanguage":"en-US","potentialAction":[{"@type":"ReadAction","target":["https:\/\/quasys.com.tr\/en\/surf\/"]}]},{"@type":"BreadcrumbList","@id":"https:\/\/quasys.com.tr\/en\/surf\/#breadcrumb","itemListElement":[{"@type":"ListItem","position":1,"name":"Anasayfa","item":"https:\/\/quasys.az\/en\/"},{"@type":"ListItem","position":2,"name":"Surf"}]},{"@type":"WebSite","@id":"https:\/\/www.quasys.az\/en\/#website","url":"https:\/\/www.quasys.az\/en\/","name":"Quasys","description":"","publisher":{"@id":"https:\/\/www.quasys.az\/en\/#organization"},"potentialAction":[{"@type":"SearchAction","target":{"@type":"EntryPoint","urlTemplate":"https:\/\/www.quasys.az\/en\/?s={search_term_string}"},"query-input":{"@type":"PropertyValueSpecification","valueRequired":true,"valueName":"search_term_string"}}],"inLanguage":"en-US"},{"@type":"Organization","@id":"https:\/\/www.quasys.az\/en\/#organization","name":"Quasys Dijital Teknoloji \u00c7\u00f6z\u00fcmleri","url":"https:\/\/www.quasys.az\/en\/","logo":{"@type":"ImageObject","inLanguage":"en-US","@id":"https:\/\/www.quasys.az\/en\/#\/schema\/logo\/image\/","url":"https:\/\/www.quasys.com.tr\/wp-content\/uploads\/2025\/05\/quasys_logo-01-50_Cropped.png","contentUrl":"https:\/\/www.quasys.com.tr\/wp-content\/uploads\/2025\/05\/quasys_logo-01-50_Cropped.png","width":365,"height":262,"caption":"Quasys Dijital Teknoloji \u00c7\u00f6z\u00fcmleri"},"image":{"@id":"https:\/\/www.quasys.az\/en\/#\/schema\/logo\/image\/"},"sameAs":["https:\/\/www.linkedin.com\/company\/quasys-technology\/"]}]}},"_links":{"self":[{"href":"https:\/\/quasys.com.tr\/en\/wp-json\/wp\/v2\/pages\/16409","targetHints":{"allow":["GET"]}}],"collection":[{"href":"https:\/\/quasys.com.tr\/en\/wp-json\/wp\/v2\/pages"}],"about":[{"href":"https:\/\/quasys.com.tr\/en\/wp-json\/wp\/v2\/types\/page"}],"author":[{"embeddable":true,"href":"https:\/\/quasys.com.tr\/en\/wp-json\/wp\/v2\/users\/2"}],"replies":[{"embeddable":true,"href":"https:\/\/quasys.com.tr\/en\/wp-json\/wp\/v2\/comments?post=16409"}],"version-history":[{"count":1,"href":"https:\/\/quasys.com.tr\/en\/wp-json\/wp\/v2\/pages\/16409\/revisions"}],"predecessor-version":[{"id":16410,"href":"https:\/\/quasys.com.tr\/en\/wp-json\/wp\/v2\/pages\/16409\/revisions\/16410"}],"wp:attachment":[{"href":"https:\/\/quasys.com.tr\/en\/wp-json\/wp\/v2\/media?parent=16409"}],"curies":[{"name":"wp","href":"https:\/\/api.w.org\/{rel}","templated":true}]}}